{"id":6806,"date":"2025-12-17T09:02:33","date_gmt":"2025-12-17T08:02:33","guid":{"rendered":"https:\/\/miramegias.com\/emodulos\/?page_id=6806"},"modified":"2025-12-17T09:03:22","modified_gmt":"2025-12-17T08:03:22","slug":"carteras-de-inversion","status":"publish","type":"page","link":"https:\/\/miramegias.com\/emodulos\/carteras-de-inversion\/","title":{"rendered":"Carteras de inversi\u00f3n"},"content":{"rendered":"\t\t<div data-elementor-type=\"wp-page\" data-elementor-id=\"6806\" class=\"elementor elementor-6806\">\n\t\t\t\t\t\t<section class=\"elementor-section elementor-top-section elementor-element elementor-element-d628e42 elementor-section-boxed elementor-section-height-default elementor-section-height-default\" data-id=\"d628e42\" data-element_type=\"section\" data-e-type=\"section\">\n\t\t\t\t\t\t<div class=\"elementor-container elementor-column-gap-default\">\n\t\t\t\t\t<div class=\"elementor-column elementor-col-100 elementor-top-column elementor-element elementor-element-ed53aa4\" data-id=\"ed53aa4\" data-element_type=\"column\" data-e-type=\"column\">\n\t\t\t<div class=\"elementor-widget-wrap elementor-element-populated\">\n\t\t\t\t\t\t<div class=\"elementor-element elementor-element-8358bc1 elementor-widget elementor-widget-text-editor\" data-id=\"8358bc1\" data-element_type=\"widget\" data-e-type=\"widget\" data-widget_type=\"text-editor.default\">\n\t\t\t\t<div class=\"elementor-widget-container\">\n\t\t\t\t\t\t\t\t\t<p>Para crear una cartera de inversi\u00f3n, lo m\u00e1s importante es definir primero&nbsp;los objetivos, el horizonte temporal y la tolerancia al riesgo. A partir de&nbsp;ah\u00ed, se pueden distribuir las inversiones entre diferentes tipos de activos para&nbsp;diversificar y minimizar riesgos.<\/p>\n<p>El perfil del inversor es la primera determinaci\u00f3n:<\/p>\n<ul>\n<li><strong>Conservador<\/strong>: Se prefiere proteger el capital y aceptar rendimientos bajos&nbsp;o moderados.<\/li>\n<li><strong>Moderado<\/strong>: Se busca un equilibrio entre riesgo y rentabilidad.<\/li>\n<li><strong>Agresivo<\/strong>: Se asumen riesgos altos para obtener mayores&nbsp;rendimientos.<\/li>\n<\/ul>\t\t\t\t\t\t\t\t<\/div>\n\t\t\t\t<\/div>\n\t\t\t\t\t<\/div>\n\t\t<\/div>\n\t\t\t\t\t<\/div>\n\t\t<\/section>\n\t\t\t\t<\/div>\n\t\t","protected":false},"excerpt":{"rendered":"<p>Para crear una cartera de inversi\u00f3n, lo m\u00e1s importante es definir primero&nbsp;los objetivos, el horizonte temporal y la tolerancia al riesgo. A [&hellip;]<\/p>\n","protected":false},"author":1,"featured_media":0,"parent":0,"menu_order":0,"comment_status":"closed","ping_status":"closed","template":"","meta":{"footnotes":""},"class_list":["post-6806","page","type-page","status-publish","hentry"],"_links":{"self":[{"href":"https:\/\/miramegias.com\/emodulos\/wp-json\/wp\/v2\/pages\/6806","targetHints":{"allow":["GET"]}}],"collection":[{"href":"https:\/\/miramegias.com\/emodulos\/wp-json\/wp\/v2\/pages"}],"about":[{"href":"https:\/\/miramegias.com\/emodulos\/wp-json\/wp\/v2\/types\/page"}],"author":[{"embeddable":true,"href":"https:\/\/miramegias.com\/emodulos\/wp-json\/wp\/v2\/users\/1"}],"replies":[{"embeddable":true,"href":"https:\/\/miramegias.com\/emodulos\/wp-json\/wp\/v2\/comments?post=6806"}],"version-history":[{"count":7,"href":"https:\/\/miramegias.com\/emodulos\/wp-json\/wp\/v2\/pages\/6806\/revisions"}],"predecessor-version":[{"id":6813,"href":"https:\/\/miramegias.com\/emodulos\/wp-json\/wp\/v2\/pages\/6806\/revisions\/6813"}],"wp:attachment":[{"href":"https:\/\/miramegias.com\/emodulos\/wp-json\/wp\/v2\/media?parent=6806"}],"curies":[{"name":"wp","href":"https:\/\/api.w.org\/{rel}","templated":true}]}}