{"id":1029,"date":"2019-12-13T13:09:18","date_gmt":"2019-12-13T12:09:18","guid":{"rendered":"http:\/\/miramegias.com\/emodulos\/?page_id=1029"},"modified":"2024-09-20T19:34:07","modified_gmt":"2024-09-20T17:34:07","slug":"la-idea-de-negocio-mi-empresa","status":"publish","type":"page","link":"https:\/\/miramegias.com\/emodulos\/la-idea-de-negocio-mi-empresa\/","title":{"rendered":"La idea de negocio: mi empresa"},"content":{"rendered":"\t\t<div data-elementor-type=\"wp-page\" data-elementor-id=\"1029\" class=\"elementor elementor-1029\">\n\t\t\t\t\t\t<section class=\"elementor-section elementor-top-section elementor-element elementor-element-afe4e54 elementor-section-boxed elementor-section-height-default elementor-section-height-default\" data-id=\"afe4e54\" data-element_type=\"section\" data-e-type=\"section\">\n\t\t\t\t\t\t<div class=\"elementor-container elementor-column-gap-default\">\n\t\t\t\t\t<div class=\"elementor-column elementor-col-100 elementor-top-column elementor-element elementor-element-3695a5b\" data-id=\"3695a5b\" data-element_type=\"column\" data-e-type=\"column\">\n\t\t\t<div class=\"elementor-widget-wrap elementor-element-populated\">\n\t\t\t\t\t\t<div class=\"elementor-element elementor-element-787a581 elementor-widget elementor-widget-text-editor\" data-id=\"787a581\" data-element_type=\"widget\" data-e-type=\"widget\" data-widget_type=\"text-editor.default\">\n\t\t\t\t<div class=\"elementor-widget-container\">\n\t\t\t\t\t\t\t\t\t<p>Es la primera parte del trabajo, el punto de inicio. Para ello,<\/p><ul><li>Tengo que pensar en una <b>idea de negocio<\/b>. Qu\u00e9 empresa quiero montar. A qu\u00e9 va a dedicarse,<\/li><li>Determinar la <b>misi\u00f3n, visi\u00f3n y valores<\/b> del mismo. He de plasmar claramente mis objetivos a corto y largo plazo como futuro de la empresa,<\/li><li>Analizar la <b>competencia<\/b> y determinar mi <b>ventaja competitiva<\/b>, (un DAFO me puede venir muy bien para identificar los puntos fuertes y d\u00e9biles). La competencia existe, pero tengo que ver mi ventaja que me permita tener un hueco en el mercado y poder tener \u00e9xito.<\/li><li>He de encontrar el lugar en el que ubicar\u00e9 mi empresa y el local que voy a utilizar. La ubicaci\u00f3n es importante y debo justificarla.<\/li><\/ul>\t\t\t\t\t\t\t\t<\/div>\n\t\t\t\t<\/div>\n\t\t\t\t\t<\/div>\n\t\t<\/div>\n\t\t\t\t\t<\/div>\n\t\t<\/section>\n\t\t\t\t<section class=\"elementor-section elementor-top-section elementor-element elementor-element-9461174 elementor-section-boxed elementor-section-height-default elementor-section-height-default\" data-id=\"9461174\" data-element_type=\"section\" data-e-type=\"section\">\n\t\t\t\t\t\t<div class=\"elementor-container elementor-column-gap-default\">\n\t\t\t\t\t<div class=\"elementor-column elementor-col-100 elementor-top-column elementor-element elementor-element-6c6038d\" data-id=\"6c6038d\" data-element_type=\"column\" data-e-type=\"column\">\n\t\t\t<div class=\"elementor-widget-wrap elementor-element-populated\">\n\t\t\t\t\t\t<div class=\"elementor-element elementor-element-135a99d elementor-widget elementor-widget-image\" data-id=\"135a99d\" data-element_type=\"widget\" data-e-type=\"widget\" data-widget_type=\"image.default\">\n\t\t\t\t<div class=\"elementor-widget-container\">\n\t\t\t\t\t\t\t\t\t\t\t\t\t\t\t<img fetchpriority=\"high\" decoding=\"async\" width=\"1920\" height=\"1210\" src=\"https:\/\/miramegias.com\/emodulos\/wp-content\/uploads\/2019\/12\/paper-3213924_1920.jpg\" class=\"attachment-full size-full wp-image-1067\" alt=\"\" srcset=\"https:\/\/miramegias.com\/emodulos\/wp-content\/uploads\/2019\/12\/paper-3213924_1920.jpg 1920w, https:\/\/miramegias.com\/emodulos\/wp-content\/uploads\/2019\/12\/paper-3213924_1920-300x189.jpg 300w, https:\/\/miramegias.com\/emodulos\/wp-content\/uploads\/2019\/12\/paper-3213924_1920-1024x645.jpg 1024w, https:\/\/miramegias.com\/emodulos\/wp-content\/uploads\/2019\/12\/paper-3213924_1920-768x484.jpg 768w, https:\/\/miramegias.com\/emodulos\/wp-content\/uploads\/2019\/12\/paper-3213924_1920-1536x968.jpg 1536w, https:\/\/miramegias.com\/emodulos\/wp-content\/uploads\/2019\/12\/paper-3213924_1920-830x523.jpg 830w, https:\/\/miramegias.com\/emodulos\/wp-content\/uploads\/2019\/12\/paper-3213924_1920-230x145.jpg 230w, https:\/\/miramegias.com\/emodulos\/wp-content\/uploads\/2019\/12\/paper-3213924_1920-350x221.jpg 350w, https:\/\/miramegias.com\/emodulos\/wp-content\/uploads\/2019\/12\/paper-3213924_1920-480x303.jpg 480w\" sizes=\"(max-width: 1920px) 100vw, 1920px\" \/>\t\t\t\t\t\t\t\t\t\t\t\t\t\t\t<\/div>\n\t\t\t\t<\/div>\n\t\t\t\t\t<\/div>\n\t\t<\/div>\n\t\t\t\t\t<\/div>\n\t\t<\/section>\n\t\t\t\t<section class=\"elementor-section elementor-top-section elementor-element elementor-element-c38d97e elementor-section-boxed elementor-section-height-default elementor-section-height-default\" data-id=\"c38d97e\" data-element_type=\"section\" data-e-type=\"section\">\n\t\t\t\t\t\t<div class=\"elementor-container elementor-column-gap-default\">\n\t\t\t\t\t<div class=\"elementor-column elementor-col-100 elementor-top-column elementor-element elementor-element-21a5128\" data-id=\"21a5128\" data-element_type=\"column\" data-e-type=\"column\">\n\t\t\t<div class=\"elementor-widget-wrap elementor-element-populated\">\n\t\t\t\t\t\t<div class=\"elementor-element elementor-element-79b1ea3 elementor-widget elementor-widget-text-editor\" data-id=\"79b1ea3\" data-element_type=\"widget\" data-e-type=\"widget\" data-widget_type=\"text-editor.default\">\n\t\t\t\t<div class=\"elementor-widget-container\">\n\t\t\t\t\t\t\t\t\t<p>Terminado lo anterior, he de realizar un presupuesto con las <b>inversiones<\/b> necesarias para poner en marcha el negocio:<\/p><ul><li>Reforma del local,<\/li><li>Adquisici\u00f3n de mobiliario,<\/li><li>Maquinaria necesaria,<\/li><li>Veh\u00edculos,<\/li><li>Elementos de inform\u00e1tica (hardware, software,&#8230;) y<\/li><li>El plan de amortizaci\u00f3n de estos elementos.<\/li><\/ul>\t\t\t\t\t\t\t\t<\/div>\n\t\t\t\t<\/div>\n\t\t\t\t\t<\/div>\n\t\t<\/div>\n\t\t\t\t\t<\/div>\n\t\t<\/section>\n\t\t\t\t<section class=\"elementor-section elementor-top-section elementor-element elementor-element-fba68e3 elementor-section-boxed elementor-section-height-default elementor-section-height-default\" data-id=\"fba68e3\" data-element_type=\"section\" data-e-type=\"section\">\n\t\t\t\t\t\t<div class=\"elementor-container elementor-column-gap-default\">\n\t\t\t\t\t<div class=\"elementor-column elementor-col-100 elementor-top-column elementor-element elementor-element-07d0220\" data-id=\"07d0220\" data-element_type=\"column\" data-e-type=\"column\">\n\t\t\t<div class=\"elementor-widget-wrap elementor-element-populated\">\n\t\t\t\t\t\t<div class=\"elementor-element elementor-element-b6ed4c9 elementor-widget elementor-widget-text-editor\" data-id=\"b6ed4c9\" data-element_type=\"widget\" data-e-type=\"widget\" data-widget_type=\"text-editor.default\">\n\t\t\t\t<div class=\"elementor-widget-container\">\n\t\t\t\t\t\t\t\t\t<p>Todo esto, tengo que plasmarlo en tres documentos que he de ir elaborando:<\/p><ul><li>Libro Excel o elaborado con otra\u00a0<a href=\"https:\/\/miramegias.com\/emodulos\/las-hojas-de-calculo\/\" target=\"_blank\" rel=\"noopener\">hoja de c\u00e1lculo<\/a>, en la que ir\u00e9 confeccionando las diferentes hojas,<\/li><li>Documento Word o desarrollado en otro procesador de texto, en el que redactar\u00e9 la idea, misi\u00f3n, visi\u00f3n,&#8230; adem\u00e1s de incluir y explicar los c\u00e1lculos realizados con Excel.<\/li><li>Presentaci\u00f3n en Power Point u otra herramienta, en la que ir\u00e9 preparando la presentaci\u00f3n.<\/li><\/ul>\t\t\t\t\t\t\t\t<\/div>\n\t\t\t\t<\/div>\n\t\t\t\t\t<\/div>\n\t\t<\/div>\n\t\t\t\t\t<\/div>\n\t\t<\/section>\n\t\t\t\t<section class=\"elementor-section elementor-top-section elementor-element elementor-element-5845097 elementor-section-boxed elementor-section-height-default elementor-section-height-default\" data-id=\"5845097\" data-element_type=\"section\" data-e-type=\"section\">\n\t\t\t\t\t\t<div class=\"elementor-container elementor-column-gap-default\">\n\t\t\t\t\t<div class=\"elementor-column elementor-col-100 elementor-top-column elementor-element elementor-element-f9cb24c\" data-id=\"f9cb24c\" data-element_type=\"column\" data-e-type=\"column\">\n\t\t\t<div class=\"elementor-widget-wrap elementor-element-populated\">\n\t\t\t\t\t\t<div class=\"elementor-element elementor-element-e1f79c8 elementor-widget elementor-widget-heading\" data-id=\"e1f79c8\" data-element_type=\"widget\" data-e-type=\"widget\" data-widget_type=\"heading.default\">\n\t\t\t\t<div class=\"elementor-widget-container\">\n\t\t\t\t\t<h3 class=\"elementor-heading-title elementor-size-default\">Enlaces particulares<\/h3>\t\t\t\t<\/div>\n\t\t\t\t<\/div>\n\t\t\t\t\t<\/div>\n\t\t<\/div>\n\t\t\t\t\t<\/div>\n\t\t<\/section>\n\t\t\t\t<section class=\"elementor-section elementor-top-section elementor-element elementor-element-178d690 elementor-section-boxed elementor-section-height-default elementor-section-height-default\" data-id=\"178d690\" data-element_type=\"section\" data-e-type=\"section\">\n\t\t\t\t\t\t<div class=\"elementor-container elementor-column-gap-default\">\n\t\t\t\t\t<div class=\"elementor-column elementor-col-100 elementor-top-column elementor-element elementor-element-e06bb55\" data-id=\"e06bb55\" data-element_type=\"column\" data-e-type=\"column\">\n\t\t\t<div class=\"elementor-widget-wrap elementor-element-populated\">\n\t\t\t\t\t\t<div class=\"elementor-element elementor-element-e907eb1 elementor-widget elementor-widget-video\" data-id=\"e907eb1\" data-element_type=\"widget\" data-e-type=\"widget\" data-settings=\"{&quot;youtube_url&quot;:&quot;https:\\\/\\\/youtu.be\\\/fShNTjSNttQ&quot;,&quot;video_type&quot;:&quot;youtube&quot;,&quot;controls&quot;:&quot;yes&quot;}\" data-widget_type=\"video.default\">\n\t\t\t\t<div class=\"elementor-widget-container\">\n\t\t\t\t\t\t\t<div class=\"elementor-wrapper elementor-open-inline\">\n\t\t\t<div class=\"elementor-video\"><\/div>\t\t<\/div>\n\t\t\t\t\t\t<\/div>\n\t\t\t\t<\/div>\n\t\t\t\t\t<\/div>\n\t\t<\/div>\n\t\t\t\t\t<\/div>\n\t\t<\/section>\n\t\t\t\t<section class=\"elementor-section elementor-top-section elementor-element elementor-element-d5e8b0d elementor-section-boxed elementor-section-height-default elementor-section-height-default\" data-id=\"d5e8b0d\" data-element_type=\"section\" data-e-type=\"section\">\n\t\t\t\t\t\t<div class=\"elementor-container elementor-column-gap-default\">\n\t\t\t\t\t<div class=\"elementor-column elementor-col-100 elementor-top-column elementor-element elementor-element-807cb4e\" data-id=\"807cb4e\" data-element_type=\"column\" data-e-type=\"column\">\n\t\t\t<div class=\"elementor-widget-wrap elementor-element-populated\">\n\t\t\t\t\t\t<div class=\"elementor-element elementor-element-378bb20 elementor-widget elementor-widget-video\" data-id=\"378bb20\" data-element_type=\"widget\" data-e-type=\"widget\" data-settings=\"{&quot;youtube_url&quot;:&quot;https:\\\/\\\/youtu.be\\\/ODaMCdWBl38&quot;,&quot;video_type&quot;:&quot;youtube&quot;,&quot;controls&quot;:&quot;yes&quot;}\" data-widget_type=\"video.default\">\n\t\t\t\t<div class=\"elementor-widget-container\">\n\t\t\t\t\t\t\t<div class=\"elementor-wrapper elementor-open-inline\">\n\t\t\t<div class=\"elementor-video\"><\/div>\t\t<\/div>\n\t\t\t\t\t\t<\/div>\n\t\t\t\t<\/div>\n\t\t\t\t\t<\/div>\n\t\t<\/div>\n\t\t\t\t\t<\/div>\n\t\t<\/section>\n\t\t\t\t<\/div>\n\t\t","protected":false},"excerpt":{"rendered":"<p>Es la primera parte del trabajo, el punto de inicio. Para ello, Tengo que pensar en una idea de negocio. Qu\u00e9 empresa [&hellip;]<\/p>\n","protected":false},"author":1,"featured_media":0,"parent":0,"menu_order":0,"comment_status":"closed","ping_status":"closed","template":"","meta":{"footnotes":""},"class_list":["post-1029","page","type-page","status-publish","hentry"],"_links":{"self":[{"href":"https:\/\/miramegias.com\/emodulos\/wp-json\/wp\/v2\/pages\/1029","targetHints":{"allow":["GET"]}}],"collection":[{"href":"https:\/\/miramegias.com\/emodulos\/wp-json\/wp\/v2\/pages"}],"about":[{"href":"https:\/\/miramegias.com\/emodulos\/wp-json\/wp\/v2\/types\/page"}],"author":[{"embeddable":true,"href":"https:\/\/miramegias.com\/emodulos\/wp-json\/wp\/v2\/users\/1"}],"replies":[{"embeddable":true,"href":"https:\/\/miramegias.com\/emodulos\/wp-json\/wp\/v2\/comments?post=1029"}],"version-history":[{"count":86,"href":"https:\/\/miramegias.com\/emodulos\/wp-json\/wp\/v2\/pages\/1029\/revisions"}],"predecessor-version":[{"id":5722,"href":"https:\/\/miramegias.com\/emodulos\/wp-json\/wp\/v2\/pages\/1029\/revisions\/5722"}],"wp:attachment":[{"href":"https:\/\/miramegias.com\/emodulos\/wp-json\/wp\/v2\/media?parent=1029"}],"curies":[{"name":"wp","href":"https:\/\/api.w.org\/{rel}","templated":true}]}}